{"id":197,"date":"2026-03-17T16:37:43","date_gmt":"2026-03-17T16:37:43","guid":{"rendered":"http:\/\/sabotronic.de\/?page_id=197"},"modified":"2026-04-03T23:29:19","modified_gmt":"2026-04-03T21:29:19","slug":"ausstattung-2","status":"publish","type":"page","link":"https:\/\/dieblaueresidenz.de\/index.php\/willkommen\/ausstattung-2\/","title":{"rendered":"Ausstattung"},"content":{"rendered":"\n<figure class=\"wp-block-image size-large is-resized is-style-rounded is-style-rounded--1\"><img loading=\"lazy\" decoding=\"async\" width=\"1024\" height=\"557\" src=\"https:\/\/dieblaueresidenz.de\/wp-content\/uploads\/2026\/03\/IMG_0329-2-2-1-1024x557.jpeg\" alt=\"\" class=\"wp-image-151\" style=\"width:1200px;height:auto\" srcset=\"https:\/\/dieblaueresidenz.de\/wp-content\/uploads\/2026\/03\/IMG_0329-2-2-1-1024x557.jpeg 1024w, https:\/\/dieblaueresidenz.de\/wp-content\/uploads\/2026\/03\/IMG_0329-2-2-1-300x163.jpeg 300w, https:\/\/dieblaueresidenz.de\/wp-content\/uploads\/2026\/03\/IMG_0329-2-2-1-768x417.jpeg 768w, https:\/\/dieblaueresidenz.de\/wp-content\/uploads\/2026\/03\/IMG_0329-2-2-1-1536x835.jpeg 1536w, https:\/\/dieblaueresidenz.de\/wp-content\/uploads\/2026\/03\/IMG_0329-2-2-1-2048x1113.jpeg 2048w\" sizes=\"auto, (max-width: 1024px) 100vw, 1024px\" \/><\/figure>\n\n\n\n<div style=\"height:20px\" aria-hidden=\"true\" class=\"wp-block-spacer\"><\/div>\n\n\n\n<div class=\"wp-block-group is-vertical is-content-justification-center is-layout-flex wp-container-core-group-is-layout-6329a8f3 wp-block-group-is-layout-flex\">\n<h2 class=\"wp-block-heading has-text-align-center is-style-asterisk\">Unsere Zimmer in der Suite Saphir<\/h2>\n\n\n\n<p class=\"has-text-align-center has-system-serif-font-family\" style=\"font-size:clamp(14px, 0.875rem + ((1vw - 3.2px) * 0.521), 19px);\">Genie\u00dfen Sie Ihren Urlaub bei uns in der Suite Saphir. Die Suite ist perfekt f\u00fcr zwei Personen mit einem Schlafzimmer, zwei Balkonen, einem Wohn- und Esszimmer mit K\u00fcche und einem Bad mit Dusche. F\u00fcr WLAN, einem Abstellplatz vor der T\u00fcr f\u00fcr Ihr Auto und auch f\u00fcr Ihre Fahrr\u00e4der ist gesorgt. Hinzu kommt eine gro\u00dfe gr\u00fcne Wiese die Ihnen zur freien Verf\u00fcgung steht.<\/p>\n\n\n\n<div class=\"wp-block-columns is-layout-flex wp-container-core-columns-is-layout-28f84493 wp-block-columns-is-layout-flex\">\n<div class=\"wp-block-column is-layout-flow wp-block-column-is-layout-flow\">\n<div style=\"height:240px\" aria-hidden=\"true\" class=\"wp-block-spacer\"><\/div>\n\n\n\n<h3 class=\"wp-block-heading is-style-asterisk\" style=\"margin-right:var(--wp--preset--spacing--30);margin-left:var(--wp--preset--spacing--30);font-size:clamp(18.959px, 1.185rem + ((1vw - 3.2px) * 1.15), 30px);\">Schlafzimmer<\/h3>\n\n\n\n<div style=\"height:15px\" aria-hidden=\"true\" class=\"wp-block-spacer\"><\/div>\n\n\n\n<p class=\"has-system-serif-font-family\" style=\"margin-right:var(--wp--preset--spacing--30);margin-left:var(--wp--preset--spacing--30);font-size:clamp(14px, 0.875rem + ((1vw - 3.2px) * 0.521), 19px);\">Im Schlafzimmer befindet sich ein Doppelbett und Nachtschr\u00e4nkchen mit Nachttischlampen und Steckdosen in unmittelbarer N\u00e4he auf jeder Seite. Zudem ist ein Zugang zu einem Balkon von hier aus m\u00f6glich.<\/p>\n\n\n\n<div style=\"height:423px\" aria-hidden=\"true\" class=\"wp-block-spacer\"><\/div>\n\n\n\n<figure class=\"wp-block-image size-full is-resized has-custom-border is-style-rounded wp-duotone-unset-3 is-style-rounded--2\"><img loading=\"lazy\" decoding=\"async\" width=\"1200\" height=\"2208\" src=\"https:\/\/dieblaueresidenz.de\/wp-content\/uploads\/2026\/03\/IMG_0382-2-1-1.jpeg\" alt=\"\" class=\"wp-image-143\" style=\"border-style:none;border-width:0px;aspect-ratio:3\/4;object-fit:cover;width:600px;height:auto\" srcset=\"https:\/\/dieblaueresidenz.de\/wp-content\/uploads\/2026\/03\/IMG_0382-2-1-1.jpeg 1200w, https:\/\/dieblaueresidenz.de\/wp-content\/uploads\/2026\/03\/IMG_0382-2-1-1-163x300.jpeg 163w, https:\/\/dieblaueresidenz.de\/wp-content\/uploads\/2026\/03\/IMG_0382-2-1-1-557x1024.jpeg 557w, https:\/\/dieblaueresidenz.de\/wp-content\/uploads\/2026\/03\/IMG_0382-2-1-1-768x1413.jpeg 768w, https:\/\/dieblaueresidenz.de\/wp-content\/uploads\/2026\/03\/IMG_0382-2-1-1-835x1536.jpeg 835w, https:\/\/dieblaueresidenz.de\/wp-content\/uploads\/2026\/03\/IMG_0382-2-1-1-1113x2048.jpeg 1113w\" sizes=\"auto, (max-width: 1200px) 100vw, 1200px\" \/><\/figure>\n\n\n\n<div style=\"height:100px\" aria-hidden=\"true\" class=\"wp-block-spacer\"><\/div>\n\n\n\n<h3 class=\"wp-block-heading is-style-asterisk\" style=\"margin-right:var(--wp--preset--spacing--30);margin-left:var(--wp--preset--spacing--30);font-size:clamp(18.959px, 1.185rem + ((1vw - 3.2px) * 1.15), 30px);\">K\u00fcche\/ Essbereich<\/h3>\n\n\n\n<div style=\"height:15px\" aria-hidden=\"true\" class=\"wp-block-spacer\"><\/div>\n\n\n\n<p class=\"has-system-serif-font-family\" style=\"margin-right:var(--wp--preset--spacing--30);margin-left:var(--wp--preset--spacing--30);font-size:clamp(14px, 0.875rem + ((1vw - 3.2px) * 0.521), 19px);\">Die neu eingebaute K\u00fcchenzeile beinhaltet einen Induktionsherd, einen K\u00fchlschrank mit zwei Gefrierf\u00e4chern und einen Backofen. Zus\u00e4tzlich befinden sich in den Schr\u00e4nken ausreichend K\u00fcchenutensilien, sowie einen Wasserkocher, Mikrowelle, Toaster und eine Kaffeemaschine. Um das Essen genie\u00dfen zu k\u00f6nnen, kann man sich entweder an die neue Essgruppe mit vier St\u00fchlen setzen oder auf einen der nicht weit entfernten m\u00f6blierten Balkone.<\/p>\n\n\n\n<div style=\"height:100px\" aria-hidden=\"true\" class=\"wp-block-spacer\"><\/div>\n\n\n\n<figure class=\"wp-block-image size-large is-style-rounded is-style-rounded--4\"><img loading=\"lazy\" decoding=\"async\" width=\"1024\" height=\"557\" src=\"https:\/\/dieblaueresidenz.de\/wp-content\/uploads\/2026\/03\/IMG_0333-2-1-1024x557.jpg\" alt=\"\" class=\"wp-image-154\" srcset=\"https:\/\/dieblaueresidenz.de\/wp-content\/uploads\/2026\/03\/IMG_0333-2-1-1024x557.jpg 1024w, https:\/\/dieblaueresidenz.de\/wp-content\/uploads\/2026\/03\/IMG_0333-2-1-300x163.jpg 300w, https:\/\/dieblaueresidenz.de\/wp-content\/uploads\/2026\/03\/IMG_0333-2-1-768x417.jpg 768w, https:\/\/dieblaueresidenz.de\/wp-content\/uploads\/2026\/03\/IMG_0333-2-1-1536x835.jpg 1536w, https:\/\/dieblaueresidenz.de\/wp-content\/uploads\/2026\/03\/IMG_0333-2-1-2048x1113.jpg 2048w\" sizes=\"auto, (max-width: 1024px) 100vw, 1024px\" \/><\/figure>\n\n\n\n<div style=\"height:304px\" aria-hidden=\"true\" class=\"wp-block-spacer\"><\/div>\n\n\n\n<h3 class=\"wp-block-heading is-style-asterisk\" style=\"margin-right:var(--wp--preset--spacing--30);margin-left:var(--wp--preset--spacing--30)\">Flur<\/h3>\n\n\n\n<div style=\"height:15px\" aria-hidden=\"true\" class=\"wp-block-spacer\"><\/div>\n\n\n\n<p class=\"has-system-serif-font-family\" style=\"margin-right:var(--wp--preset--spacing--30);margin-left:var(--wp--preset--spacing--30);font-size:clamp(14px, 0.875rem + ((1vw - 3.2px) * 0.521), 19px);\">Hier ist genug Platz, um die Koffer unterzubringen <br>und die Kleider in einem gro\u00dfen Kleiderschrank zu <br>verstauen, sowie eine moderne Garderobe zum <br>Aufh\u00e4ngen der Jacken.<\/p>\n\n\n\n<div style=\"height:479px\" aria-hidden=\"true\" class=\"wp-block-spacer\"><\/div>\n<\/div>\n\n\n\n<div class=\"wp-block-column is-layout-flow wp-block-column-is-layout-flow\">\n<figure class=\"wp-block-image size-large is-style-rounded is-style-rounded--5\"><img decoding=\"async\" src=\"https:\/\/dieblaueresidenz.de\/wp-content\/uploads\/2026\/03\/IMG_0342-2-1-768x1024.jpg\" alt=\"\" class=\"wp-image-152\" style=\"aspect-ratio:3\/4;object-fit:cover\"\/><\/figure>\n\n\n\n<div style=\"height:374px\" aria-hidden=\"true\" class=\"wp-block-spacer\"><\/div>\n\n\n\n<h3 class=\"wp-block-heading is-style-asterisk\" style=\"border-style:none;border-width:0px;margin-right:var(--wp--preset--spacing--30);margin-left:var(--wp--preset--spacing--30);font-size:clamp(18.959px, 1.185rem + ((1vw - 3.2px) * 1.15), 30px);\">Balkone<\/h3>\n\n\n\n<div style=\"height:15px\" aria-hidden=\"true\" class=\"wp-block-spacer\"><\/div>\n\n\n\n<div class=\"wp-block-group is-nowrap is-layout-flex wp-container-core-group-is-layout-6c531013 wp-block-group-is-layout-flex\">\n<p class=\"has-system-serif-font-family\" style=\"margin-right:var(--wp--preset--spacing--30);margin-left:var(--wp--preset--spacing--30);font-size:clamp(14px, 0.875rem + ((1vw - 3.2px) * 0.521), 19px);\">Auf den zwei Balkonen sind f\u00fcr Sie bereit gestellte Gartenm\u00f6bel, auf denen Sie sich ausruhen und\/ oder Ihr Essen genie\u00dfen k\u00f6nnen.<\/p>\n<\/div>\n\n\n\n<div style=\"height:434px;width:0px\" aria-hidden=\"true\" class=\"wp-block-spacer\"><\/div>\n\n\n\n<figure class=\"wp-block-image size-large is-style-rounded is-style-rounded--6\"><img loading=\"lazy\" decoding=\"async\" width=\"1024\" height=\"557\" src=\"https:\/\/dieblaueresidenz.de\/wp-content\/uploads\/2026\/03\/IMG_0336-2-2-1-1024x557.jpeg\" alt=\"\" class=\"wp-image-146\" srcset=\"https:\/\/dieblaueresidenz.de\/wp-content\/uploads\/2026\/03\/IMG_0336-2-2-1-1024x557.jpeg 1024w, https:\/\/dieblaueresidenz.de\/wp-content\/uploads\/2026\/03\/IMG_0336-2-2-1-300x163.jpeg 300w, https:\/\/dieblaueresidenz.de\/wp-content\/uploads\/2026\/03\/IMG_0336-2-2-1-768x417.jpeg 768w, https:\/\/dieblaueresidenz.de\/wp-content\/uploads\/2026\/03\/IMG_0336-2-2-1-1536x835.jpeg 1536w, https:\/\/dieblaueresidenz.de\/wp-content\/uploads\/2026\/03\/IMG_0336-2-2-1-2048x1113.jpeg 2048w\" sizes=\"auto, (max-width: 1024px) 100vw, 1024px\" \/><\/figure>\n\n\n\n<div style=\"height:145px\" aria-hidden=\"true\" class=\"wp-block-spacer\"><\/div>\n\n\n\n<h2 class=\"wp-block-heading is-style-asterisk\" style=\"margin-right:var(--wp--preset--spacing--30);margin-left:var(--wp--preset--spacing--30);font-size:clamp(18.959px, 1.185rem + ((1vw - 3.2px) * 1.15), 30px);\">Wohnbereich<\/h2>\n\n\n\n<div style=\"height:15px\" aria-hidden=\"true\" class=\"wp-block-spacer\"><\/div>\n\n\n\n<p class=\"has-system-serif-font-family\" style=\"margin-right:var(--wp--preset--spacing--30);margin-left:var(--wp--preset--spacing--30);font-size:clamp(14px, 0.875rem + ((1vw - 3.2px) * 0.521), 19px);\">Im Wohnzimmer kann der Tag mit vorhandenen Brettspielen oder in Ruhe auf der Couch beim Fernsehen (Flachbildfernseher, Satellit) ein gem\u00fctliches und entspanntes Ende finden. In der Nacht kann die Couch schnell und flexibel zu einer Schlafst\u00e4tte umgebaut werden.<\/p>\n\n\n\n<div style=\"height:138px\" aria-hidden=\"true\" class=\"wp-block-spacer\"><\/div>\n\n\n\n<figure class=\"wp-block-image size-large is-style-rounded is-style-rounded--7\"><img decoding=\"async\" src=\"https:\/\/dieblaueresidenz.de\/wp-content\/uploads\/2026\/03\/Flur-Kleiderschrank-0066-3216-x-4288-768x1024.jpeg\" alt=\"\" class=\"wp-image-139\" style=\"aspect-ratio:3\/4;object-fit:cover\"\/><\/figure>\n<\/div>\n<\/div>\n<\/div>\n\n\n\n<div class=\"wp-block-group alignfull has-base-color has-text-color has-background has-global-padding is-layout-constrained wp-container-core-group-is-layout-ef3d885c wp-block-group-is-layout-constrained\" style=\"background-color:#bdb5ba;margin-top:0;margin-bottom:0;padding-top:var(--wp--preset--spacing--60);padding-right:var(--wp--preset--spacing--60);padding-bottom:var(--wp--preset--spacing--60);padding-left:var(--wp--preset--spacing--60)\">\n<div class=\"wp-block-group has-global-padding is-layout-constrained wp-block-group-is-layout-constrained\">\n<p class=\"has-base-2-color has-text-color has-link-color has-system-serif-font-family wp-elements-6f2365b1c27dc607941894f1447a5d16\" style=\"font-size:clamp(14px, 0.875rem + ((1vw - 3.2px) * 0.521), 19px);\">Ein Gast schrieb:<\/p>\n\n\n\n<p class=\"has-text-align-center has-base-2-color has-text-color has-link-color has-heading-font-family has-x-large-font-size wp-elements-993922b926e3713eae372da4e3e3c104\"><em>\u201e&#8230;<a href=\"https:\/\/www.google.com\/search?sa=X&amp;sca_esv=4ae20d8bd47daad1&amp;hl=de-DE&amp;sxsrf=ANbL-n6IhQcjdWWEW_UXXf59TCya10fyDw:1773769466642&amp;q=%22Die%20Blaue%20Residenz%22%20Rezensionen&amp;rflfq=1&amp;num=20&amp;stick=H4sIAAAAAAAAAONgkxI2NjY2NTI0MbW0NDc1tDQxMTI33sDI-IpRQcklM1XBKSexNFUhKLU4MyU1r0oJyKpKzSvOzM9LzVvESlAJAGlb08hgAAAA&amp;rldimm=3335214599751944273&amp;tbm=lcl&amp;ved=0CCoQ5foLahcKEwiA0MCYvqeTAxUAAAAAHQAAAAAQCg&amp;biw=2552&amp;bih=1274&amp;dpr=1.5#lkt=LocalPoiReviews&amp;arid=ChdDSUhNMG9nS0VJQ0FnSURXNTRuNjhBRRAB\">Sehr saubere und moderne Wohnung mit Liebe zum Detail.<\/a><\/em><a href=\"https:\/\/www.google.com\/search?sa=X&amp;sca_esv=4ae20d8bd47daad1&amp;hl=de-DE&amp;sxsrf=ANbL-n6IhQcjdWWEW_UXXf59TCya10fyDw:1773769466642&amp;q=%22Die%20Blaue%20Residenz%22%20Rezensionen&amp;rflfq=1&amp;num=20&amp;stick=H4sIAAAAAAAAAONgkxI2NjY2NTI0MbW0NDc1tDQxMTI33sDI-IpRQcklM1XBKSexNFUhKLU4MyU1r0oJyKpKzSvOzM9LzVvESlAJAGlb08hgAAAA&amp;rldimm=3335214599751944273&amp;tbm=lcl&amp;ved=0CCoQ5foLahcKEwiA0MCYvqeTAxUAAAAAHQAAAAAQCg&amp;biw=2552&amp;bih=1274&amp;dpr=1.5#lkt=LocalPoiReviews&amp;arid=ChdDSUhNMG9nS0VJQ0FnSURXNTRuNjhBRRAB\"> <\/a><a href=\"https:\/\/www.google.com\/search?sa=X&amp;sca_esv=4ae20d8bd47daad1&amp;hl=de-DE&amp;sxsrf=ANbL-n6IhQcjdWWEW_UXXf59TCya10fyDw:1773769466642&amp;q=%22Die%20Blaue%20Residenz%22%20Rezensionen&amp;rflfq=1&amp;num=20&amp;stick=H4sIAAAAAAAAAONgkxI2NjY2NTI0MbW0NDc1tDQxMTI33sDI-IpRQcklM1XBKSexNFUhKLU4MyU1r0oJyKpKzSvOzM9LzVvESlAJAGlb08hgAAAA&amp;rldimm=3335214599751944273&amp;tbm=lcl&amp;ved=0CCoQ5foLahcKEwiA0MCYvqeTAxUAAAAAHQAAAAAQCg&amp;biw=2552&amp;bih=1274&amp;dpr=1.5#lkt=LocalPoiReviews&amp;arid=ChdDSUhNMG9nS0VJQ0FnSURXNTRuNjhBRRAB\">Haben uns hier richtig wohl gef\u00fchlt.<\/a><em>..<\/em><em>.\u201c<\/em><\/p>\n<\/div>\n\n\n\n<div style=\"height:var(--wp--preset--spacing--10)\" aria-hidden=\"true\" class=\"wp-block-spacer\"><\/div>\n<\/div>\n\n\n\n<div style=\"height:118px\" aria-hidden=\"true\" class=\"wp-block-spacer\"><\/div>\n\n\n\n<div style=\"height:0px\" aria-hidden=\"true\" class=\"wp-block-spacer\"><\/div>\n\n\n\n<p class=\"has-system-serif-font-family\" style=\"font-size:0.7em\">Folgen Sie uns auf Social Media:<\/p>\n\n\n\n<div style=\"height:5px\" aria-hidden=\"true\" class=\"wp-block-spacer\"><\/div>\n\n\n\n<ul class=\"wp-block-social-links is-style-logos-only is-layout-flex wp-block-social-links-is-layout-flex\"><li class=\"wp-social-link wp-social-link-facebook  wp-block-social-link\"><a rel=\"https:\/\/www.facebook.com\/p\/Die-Blaue-Residenz-100070122452645\/\" href=\"https:\/\/www.facebook.com\/p\/Die-Blaue-Residenz-100070122452645\/\" class=\"wp-block-social-link-anchor\"><svg width=\"24\" height=\"24\" viewBox=\"0 0 24 24\" version=\"1.1\" xmlns=\"http:\/\/www.w3.org\/2000\/svg\" aria-hidden=\"true\" focusable=\"false\"><path d=\"M12 2C6.5 2 2 6.5 2 12c0 5 3.7 9.1 8.4 9.9v-7H7.9V12h2.5V9.8c0-2.5 1.5-3.9 3.8-3.9 1.1 0 2.2.2 2.2.2v2.5h-1.3c-1.2 0-1.6.8-1.6 1.6V12h2.8l-.4 2.9h-2.3v7C18.3 21.1 22 17 22 12c0-5.5-4.5-10-10-10z\"><\/path><\/svg><span class=\"wp-block-social-link-label screen-reader-text\">Facebook<\/span><\/a><\/li>\n\n<li class=\"wp-social-link wp-social-link-google  wp-block-social-link\"><a rel=\"https:\/\/www.google.com\/search?num=10&amp;sa=X&amp;sca_esv=9badeb6290be4fc7&amp;hl=de-DE&amp;sxsrf=ANbL-n4Ot_PA_07V2LaYK4zlgoMk68Pb1w:1773915331777&amp;q=%22Die+Blaue+Residenz%22+Rezensionen&amp;ved=2ahUKEwj_9tjJ3auTAxXhAvsDHebSC2MQuzF6BAgGEAQ&amp;biw=2552&amp;bih=1274&amp;dpr=1.5\" href=\"https:\/\/www.google.com\/search?num=10&#038;sa=X&#038;sca_esv=9badeb6290be4fc7&#038;hl=de-DE&#038;sxsrf=ANbL-n67BnG5Y8GWD4QqvlCkvkqRhEXBHg:1773915328279&#038;q=%22Die+Blaue+Residenz%22+Rezensionen&#038;ved=2ahUKEwjnvIPI3auTAxVOUaQEHTskJ7EQuzF6BAgHEAQ&#038;biw=2552&#038;bih=1274&#038;dpr=1.5\" class=\"wp-block-social-link-anchor\"><svg width=\"24\" height=\"24\" viewBox=\"0 0 24 24\" version=\"1.1\" xmlns=\"http:\/\/www.w3.org\/2000\/svg\" aria-hidden=\"true\" focusable=\"false\"><path d=\"M12.02,10.18v3.72v0.01h5.51c-0.26,1.57-1.67,4.22-5.5,4.22c-3.31,0-6.01-2.75-6.01-6.12s2.7-6.12,6.01-6.12 c1.87,0,3.13,0.8,3.85,1.48l2.84-2.76C16.99,2.99,14.73,2,12.03,2c-5.52,0-10,4.48-10,10s4.48,10,10,10c5.77,0,9.6-4.06,9.6-9.77 c0-0.83-0.11-1.42-0.25-2.05H12.02z\"><\/path><\/svg><span class=\"wp-block-social-link-label screen-reader-text\">Google<\/span><\/a><\/li>\n\n<li class=\"wp-social-link wp-social-link-instagram  wp-block-social-link\"><a href=\"https:\/\/www.instagram.com\/dieblaueresidenz\/\" class=\"wp-block-social-link-anchor\"><svg width=\"24\" height=\"24\" viewBox=\"0 0 24 24\" version=\"1.1\" xmlns=\"http:\/\/www.w3.org\/2000\/svg\" aria-hidden=\"true\" focusable=\"false\"><path d=\"M12,4.622c2.403,0,2.688,0.009,3.637,0.052c0.877,0.04,1.354,0.187,1.671,0.31c0.42,0.163,0.72,0.358,1.035,0.673 c0.315,0.315,0.51,0.615,0.673,1.035c0.123,0.317,0.27,0.794,0.31,1.671c0.043,0.949,0.052,1.234,0.052,3.637 s-0.009,2.688-0.052,3.637c-0.04,0.877-0.187,1.354-0.31,1.671c-0.163,0.42-0.358,0.72-0.673,1.035 c-0.315,0.315-0.615,0.51-1.035,0.673c-0.317,0.123-0.794,0.27-1.671,0.31c-0.949,0.043-1.233,0.052-3.637,0.052 s-2.688-0.009-3.637-0.052c-0.877-0.04-1.354-0.187-1.671-0.31c-0.42-0.163-0.72-0.358-1.035-0.673 c-0.315-0.315-0.51-0.615-0.673-1.035c-0.123-0.317-0.27-0.794-0.31-1.671C4.631,14.688,4.622,14.403,4.622,12 s0.009-2.688,0.052-3.637c0.04-0.877,0.187-1.354,0.31-1.671c0.163-0.42,0.358-0.72,0.673-1.035 c0.315-0.315,0.615-0.51,1.035-0.673c0.317-0.123,0.794-0.27,1.671-0.31C9.312,4.631,9.597,4.622,12,4.622 M12,3 C9.556,3,9.249,3.01,8.289,3.054C7.331,3.098,6.677,3.25,6.105,3.472C5.513,3.702,5.011,4.01,4.511,4.511 c-0.5,0.5-0.808,1.002-1.038,1.594C3.25,6.677,3.098,7.331,3.054,8.289C3.01,9.249,3,9.556,3,12c0,2.444,0.01,2.751,0.054,3.711 c0.044,0.958,0.196,1.612,0.418,2.185c0.23,0.592,0.538,1.094,1.038,1.594c0.5,0.5,1.002,0.808,1.594,1.038 c0.572,0.222,1.227,0.375,2.185,0.418C9.249,20.99,9.556,21,12,21s2.751-0.01,3.711-0.054c0.958-0.044,1.612-0.196,2.185-0.418 c0.592-0.23,1.094-0.538,1.594-1.038c0.5-0.5,0.808-1.002,1.038-1.594c0.222-0.572,0.375-1.227,0.418-2.185 C20.99,14.751,21,14.444,21,12s-0.01-2.751-0.054-3.711c-0.044-0.958-0.196-1.612-0.418-2.185c-0.23-0.592-0.538-1.094-1.038-1.594 c-0.5-0.5-1.002-0.808-1.594-1.038c-0.572-0.222-1.227-0.375-2.185-0.418C14.751,3.01,14.444,3,12,3L12,3z M12,7.378 c-2.552,0-4.622,2.069-4.622,4.622S9.448,16.622,12,16.622s4.622-2.069,4.622-4.622S14.552,7.378,12,7.378z M12,15 c-1.657,0-3-1.343-3-3s1.343-3,3-3s3,1.343,3,3S13.657,15,12,15z M16.804,6.116c-0.596,0-1.08,0.484-1.08,1.08 s0.484,1.08,1.08,1.08c0.596,0,1.08-0.484,1.08-1.08S17.401,6.116,16.804,6.116z\"><\/path><\/svg><span class=\"wp-block-social-link-label screen-reader-text\">Instagram<\/span><\/a><\/li>\n\n<li class=\"wp-social-link wp-social-link-youtube  wp-block-social-link\"><a href=\"https:\/\/www.youtube.com\/channel\/UC0O29yedZ-CGaUo8IMPd7rA\" class=\"wp-block-social-link-anchor\"><svg width=\"24\" height=\"24\" viewBox=\"0 0 24 24\" version=\"1.1\" xmlns=\"http:\/\/www.w3.org\/2000\/svg\" aria-hidden=\"true\" focusable=\"false\"><path d=\"M21.8,8.001c0,0-0.195-1.378-0.795-1.985c-0.76-0.797-1.613-0.801-2.004-0.847c-2.799-0.202-6.997-0.202-6.997-0.202 h-0.009c0,0-4.198,0-6.997,0.202C4.608,5.216,3.756,5.22,2.995,6.016C2.395,6.623,2.2,8.001,2.2,8.001S2,9.62,2,11.238v1.517 c0,1.618,0.2,3.237,0.2,3.237s0.195,1.378,0.795,1.985c0.761,0.797,1.76,0.771,2.205,0.855c1.6,0.153,6.8,0.201,6.8,0.201 s4.203-0.006,7.001-0.209c0.391-0.047,1.243-0.051,2.004-0.847c0.6-0.607,0.795-1.985,0.795-1.985s0.2-1.618,0.2-3.237v-1.517 C22,9.62,21.8,8.001,21.8,8.001z M9.935,14.594l-0.001-5.62l5.404,2.82L9.935,14.594z\"><\/path><\/svg><span class=\"wp-block-social-link-label screen-reader-text\">YouTube<\/span><\/a><\/li><\/ul>\n\n\n\n<div style=\"height:15px\" aria-hidden=\"true\" class=\"wp-block-spacer\"><\/div>\n","protected":false},"excerpt":{"rendered":"<p>Unsere Zimmer in der Suite Saphir Genie\u00dfen Sie Ihren Urlaub bei uns in der Suite Saphir. Die Suite ist perfekt f\u00fcr zwei Personen mit einem Schlafzimmer, zwei Balkonen, einem Wohn- und Esszimmer mit K\u00fcche und einem Bad mit Dusche. F\u00fcr WLAN, einem Abstellplatz vor der T\u00fcr f\u00fcr Ihr Auto und auch f\u00fcr Ihre Fahrr\u00e4der ist [&hellip;]<\/p>\n","protected":false},"author":1,"featured_media":0,"parent":49,"menu_order":4,"comment_status":"closed","ping_status":"closed","template":"","meta":{"_kadence_starter_templates_imported_post":false,"footnotes":""},"class_list":["post-197","page","type-page","status-publish","hentry"],"_links":{"self":[{"href":"https:\/\/dieblaueresidenz.de\/index.php\/wp-json\/wp\/v2\/pages\/197","targetHints":{"allow":["GET"]}}],"collection":[{"href":"https:\/\/dieblaueresidenz.de\/index.php\/wp-json\/wp\/v2\/pages"}],"about":[{"href":"https:\/\/dieblaueresidenz.de\/index.php\/wp-json\/wp\/v2\/types\/page"}],"author":[{"embeddable":true,"href":"https:\/\/dieblaueresidenz.de\/index.php\/wp-json\/wp\/v2\/users\/1"}],"replies":[{"embeddable":true,"href":"https:\/\/dieblaueresidenz.de\/index.php\/wp-json\/wp\/v2\/comments?post=197"}],"version-history":[{"count":1,"href":"https:\/\/dieblaueresidenz.de\/index.php\/wp-json\/wp\/v2\/pages\/197\/revisions"}],"predecessor-version":[{"id":510,"href":"https:\/\/dieblaueresidenz.de\/index.php\/wp-json\/wp\/v2\/pages\/197\/revisions\/510"}],"up":[{"embeddable":true,"href":"https:\/\/dieblaueresidenz.de\/index.php\/wp-json\/wp\/v2\/pages\/49"}],"wp:attachment":[{"href":"https:\/\/dieblaueresidenz.de\/index.php\/wp-json\/wp\/v2\/media?parent=197"}],"curies":[{"name":"wp","href":"https:\/\/api.w.org\/{rel}","templated":true}]}}